{"id":4750,"date":"2020-07-14T07:39:50","date_gmt":"2020-07-14T07:39:50","guid":{"rendered":"https:\/\/7oroof.com\/tfdemos\/eteon\/contact-us-copy\/"},"modified":"2024-07-02T08:44:38","modified_gmt":"2024-07-02T08:44:38","slug":"iletisim","status":"publish","type":"page","link":"https:\/\/cambalkoncu.com.tr\/?page_id=4750","title":{"rendered":"\u0130leti\u015fim"},"content":{"rendered":"\t\t<div data-elementor-type=\"wp-page\" data-elementor-id=\"4750\" class=\"elementor elementor-4750\">\n\t\t\t\t        <section class=\"elementor-section elementor-top-section elementor-element elementor-element-c589ff5 elementor-section-boxed elementor-section-height-default elementor-section-height-default\" data-id=\"c589ff5\" data-element_type=\"section\" data-e-type=\"section\" data-settings=\"{&quot;background_background&quot;:&quot;slideshow&quot;,&quot;background_slideshow_gallery&quot;:[{&quot;id&quot;:7596,&quot;url&quot;:&quot;https:\\\/\\\/cambalkoncu.com.tr\\\/wp-content\\\/uploads\\\/2024\\\/03\\\/d0c4f844-e269-437b-b59c-f567c6ba068c.jpeg&quot;},{&quot;id&quot;:7597,&quot;url&quot;:&quot;https:\\\/\\\/cambalkoncu.com.tr\\\/wp-content\\\/uploads\\\/2024\\\/03\\\/5b042538-bea8-4768-9482-7ce2cd8cafd1.jpeg&quot;},{&quot;id&quot;:7623,&quot;url&quot;:&quot;https:\\\/\\\/cambalkoncu.com.tr\\\/wp-content\\\/uploads\\\/2024\\\/03\\\/b9df0162-c2a7-4722-b266-5499d45fe8a6.jpeg&quot;}],&quot;background_slideshow_loop&quot;:&quot;yes&quot;,&quot;background_slideshow_slide_duration&quot;:5000,&quot;background_slideshow_slide_transition&quot;:&quot;fade&quot;,&quot;background_slideshow_transition_duration&quot;:500}\">\r\n\t\t<br \/>\n<b>Warning<\/b>:  Undefined array key \"background_overlay_background\" in <b>\/home\/codemaxo\/cambalkoncu.com.tr\/wp-content\/plugins\/elementor-theme-core\/inc\/elementor\/section.php<\/b> on line <b>268<\/b><br \/>\n<br \/>\n<b>Warning<\/b>:  Undefined array key \"background_overlay_hover_background\" in <b>\/home\/codemaxo\/cambalkoncu.com.tr\/wp-content\/plugins\/elementor-theme-core\/inc\/elementor\/section.php<\/b> on line <b>272<\/b><br \/>\n\r\n\t\t        <div class=\"elementor-container elementor-column-gap-default \" >\r\n\t\t<br \/>\n<b>Warning<\/b>:  Undefined array key \"background_overlay_background\" in <b>\/home\/codemaxo\/cambalkoncu.com.tr\/wp-content\/plugins\/elementor-theme-core\/inc\/elementor\/column.php<\/b> on line <b>166<\/b><br \/>\n<br \/>\n<b>Warning<\/b>:  Undefined array key \"background_overlay_hover_background\" in <b>\/home\/codemaxo\/cambalkoncu.com.tr\/wp-content\/plugins\/elementor-theme-core\/inc\/elementor\/column.php<\/b> on line <b>167<\/b><br \/>\n        <div class=\"elementor-column elementor-col-100 elementor-top-column elementor-element elementor-element-46d8493\" data-id=\"46d8493\" data-element_type=\"column\" data-e-type=\"column\">\r\n            <div class=\"elementor-widget-wrap elementor-element-populated\">\r\n                \t\t<div class=\"elementor-element elementor-element-0593dd0 elementor-widget elementor-widget-spacer\" data-id=\"0593dd0\" data-element_type=\"widget\" data-e-type=\"widget\" data-widget_type=\"spacer.default\">\n\t\t\t\t<div class=\"elementor-widget-container\">\n\t\t\t\t\t\t\t<div class=\"elementor-spacer\">\n\t\t\t<div class=\"elementor-spacer-inner\"><\/div>\n\t\t<\/div>\n\t\t\t\t\t\t<\/div>\n\t\t\t\t<\/div>\n\t\t            <\/div>\r\n        <\/div>\r\n        \t\t\t<\/div>\r\n\t\t<\/section>\r\n\t\t        <section class=\"elementor-section elementor-top-section elementor-element elementor-element-e3c4cda elementor-section-boxed elementor-section-height-default elementor-section-height-default\" data-id=\"e3c4cda\" data-element_type=\"section\" data-e-type=\"section\">\r\n\t\t<br \/>\n<b>Warning<\/b>:  Undefined array key \"background_overlay_background\" in <b>\/home\/codemaxo\/cambalkoncu.com.tr\/wp-content\/plugins\/elementor-theme-core\/inc\/elementor\/section.php<\/b> on line <b>268<\/b><br \/>\n<br \/>\n<b>Warning<\/b>:  Undefined array key \"background_overlay_hover_background\" in <b>\/home\/codemaxo\/cambalkoncu.com.tr\/wp-content\/plugins\/elementor-theme-core\/inc\/elementor\/section.php<\/b> on line <b>272<\/b><br \/>\n\r\n\t\t        <div class=\"elementor-container elementor-column-gap-default \" >\r\n\t\t<br \/>\n<b>Warning<\/b>:  Undefined array key \"background_overlay_background\" in <b>\/home\/codemaxo\/cambalkoncu.com.tr\/wp-content\/plugins\/elementor-theme-core\/inc\/elementor\/column.php<\/b> on line <b>166<\/b><br \/>\n<br \/>\n<b>Warning<\/b>:  Undefined array key \"background_overlay_hover_background\" in <b>\/home\/codemaxo\/cambalkoncu.com.tr\/wp-content\/plugins\/elementor-theme-core\/inc\/elementor\/column.php<\/b> on line <b>167<\/b><br \/>\n        <div class=\"elementor-column elementor-col-33 elementor-top-column elementor-element elementor-element-b21b56d\" data-id=\"b21b56d\" data-element_type=\"column\" data-e-type=\"column\">\r\n            <div class=\"elementor-widget-wrap elementor-element-populated\">\r\n                \t\t<div class=\"elementor-element elementor-element-ccc2c0e elementor-widget elementor-widget-cms_contact_info\" data-id=\"ccc2c0e\" data-element_type=\"widget\" data-e-type=\"widget\" data-widget_type=\"cms_contact_info.default\">\n\t\t\t\t<div class=\"elementor-widget-container\">\n\t\t\t\t\t    <div class=\"cms-contact-info1 \">\r\n    \r\n                    <div class=\"img-feature\">\r\n                <img decoding=\"async\" src=\"https:\/\/cambalkoncu.com.tr\/wp-content\/uploads\/2021\/11\/WhatsApp-Image-2021-11-23-at-00.22.15.jpeg\" class=\"attachment-full size-full wp-image-5944\" alt=\"\" \/>            <\/div>\r\n        \r\n                                    <h3 class=\"entry-title\">\r\n                    Ofis Bilgileri    \r\n                <\/h3>\r\n                            <ul class=\"list-li\">\r\n                            <li>\r\n                                                                        <span class=\"cms-icon\">\r\n                                                                    <i class=\"material zmdi zmdi-email-open material\" aria-hidden=\"true\"><\/i>\r\n                                                            <\/span>\r\n                                                                                        <label>Email:<\/label>    \r\n                                                                info@cambalkoncu.com.tr                                   <\/li>\r\n                            <li>\r\n                                                                        <span class=\"cms-icon\">\r\n                                                                    <i class=\"fas fa-map-marker fa-solid\" aria-hidden=\"true\"><\/i>\r\n                                                            <\/span>\r\n                                                                                        <label>Adres: <\/label>    \r\n                                                                Mimarsinan Mah. Mimarsinan Cad. S\u00fcreyyapa\u015fa Sokak No:17\/A Sultanbeyli                                   <\/li>\r\n                            <li>\r\n                                                                        <span class=\"cms-icon\">\r\n                                                                    <i class=\"material zmdi zmdi-phone material\" aria-hidden=\"true\"><\/i>\r\n                                                            <\/span>\r\n                                                                                        <label>Telefon: <\/label>    \r\n                                                                +90 535 785 04 26                                   <\/li>\r\n                            <li>\r\n                                                                        <span class=\"cms-icon\">\r\n                                                                    <i class=\"material zmdi zmdi-time material\" aria-hidden=\"true\"><\/i>\r\n                                                            <\/span>\r\n                                                                                        <label>\u00c7al\u0131\u015fma Saatleri: <\/label>    \r\n                                                                Pzt-Cmt: 8:00 \u2013 18:00                                   <\/li>\r\n                    <\/ul>\r\n    <\/div>\r\n\t\t\t\t<\/div>\n\t\t\t\t<\/div>\n\t\t            <\/div>\r\n        <\/div>\r\n        <br \/>\n<b>Warning<\/b>:  Undefined array key \"background_overlay_background\" in <b>\/home\/codemaxo\/cambalkoncu.com.tr\/wp-content\/plugins\/elementor-theme-core\/inc\/elementor\/column.php<\/b> on line <b>166<\/b><br \/>\n<br \/>\n<b>Warning<\/b>:  Undefined array key \"background_overlay_hover_background\" in <b>\/home\/codemaxo\/cambalkoncu.com.tr\/wp-content\/plugins\/elementor-theme-core\/inc\/elementor\/column.php<\/b> on line <b>167<\/b><br \/>\n        <div class=\"elementor-column elementor-col-66 elementor-top-column elementor-element elementor-element-62a2f26\" data-id=\"62a2f26\" data-element_type=\"column\" data-e-type=\"column\">\r\n            <div class=\"elementor-widget-wrap elementor-element-populated\">\r\n                \t\t<div class=\"elementor-element elementor-element-bcad122 elementor-widget elementor-widget-heading\" data-id=\"bcad122\" data-element_type=\"widget\" data-e-type=\"widget\" data-widget_type=\"heading.default\">\n\t\t\t\t<div class=\"elementor-widget-container\">\n\t\t\t\t\t<h2 class=\"elementor-heading-title elementor-size-default\">Bize Ula\u015f\u0131n<\/h2>\t\t\t\t<\/div>\n\t\t\t\t<\/div>\n\t\t\t\t<div class=\"elementor-element elementor-element-4d57be2 elementor-widget elementor-widget-text-editor\" data-id=\"4d57be2\" data-element_type=\"widget\" data-e-type=\"widget\" data-widget_type=\"text-editor.default\">\n\t\t\t\t<div class=\"elementor-widget-container\">\n\t\t\t\t\t\t\t\t\t<p>\n<div class=\"wpcf7 no-js\" id=\"wpcf7-f4724-o1\" lang=\"en-US\" dir=\"ltr\" data-wpcf7-id=\"4724\">\n<div class=\"screen-reader-response\"><p role=\"status\" aria-live=\"polite\" aria-atomic=\"true\"><\/p> <ul><\/ul><\/div>\n<form action=\"\/index.php?rest_route=%2Fwp%2Fv2%2Fpages%2F4750#wpcf7-f4724-o1\" method=\"post\" class=\"wpcf7-form init\" aria-label=\"Contact form\" novalidate=\"novalidate\" data-status=\"init\">\n<fieldset class=\"hidden-fields-container\"><input type=\"hidden\" name=\"_wpcf7\" value=\"4724\" \/><input type=\"hidden\" name=\"_wpcf7_version\" value=\"6.1.5\" \/><input type=\"hidden\" name=\"_wpcf7_locale\" value=\"en_US\" \/><input type=\"hidden\" name=\"_wpcf7_unit_tag\" value=\"wpcf7-f4724-o1\" \/><input type=\"hidden\" name=\"_wpcf7_container_post\" value=\"0\" \/><input type=\"hidden\" name=\"_wpcf7_posted_data_hash\" value=\"\" \/>\n<\/fieldset>\n<div class=\"row\">\n\t<div class=\"col-xs-12 col-sm-12 col-md-6 col-lg-6\">\n\t\t<div class=\"input-filled\">\n\t\t\t<p><span class=\"wpcf7-form-control-wrap\" data-name=\"your-name\"><input size=\"40\" maxlength=\"400\" class=\"wpcf7-form-control wpcf7-text wpcf7-validates-as-required\" aria-required=\"true\" aria-invalid=\"false\" placeholder=\"Ad Soyad\" value=\"\" type=\"text\" name=\"your-name\" \/><\/span>\n\t\t\t<\/p>\n\t\t<\/div>\n\t<\/div>\n\t<div class=\"col-xs-12 col-sm-12 col-md-6 col-lg-6\">\n\t\t<div class=\"input-filled\">\n\t\t\t<p><span class=\"wpcf7-form-control-wrap\" data-name=\"your-email\"><input size=\"40\" maxlength=\"400\" class=\"wpcf7-form-control wpcf7-email wpcf7-validates-as-required wpcf7-text wpcf7-validates-as-email\" aria-required=\"true\" aria-invalid=\"false\" placeholder=\"Email\" value=\"\" type=\"email\" name=\"your-email\" \/><\/span>\n\t\t\t<\/p>\n\t\t<\/div>\n\t<\/div>\n<\/div>\n<div class=\"row\">\n\t<div class=\"col-xs-12 col-sm-12 col-md-6 col-lg-6\">\n\t\t<div class=\"input-filled\">\n\t\t\t<p><span class=\"wpcf7-form-control-wrap\" data-name=\"your-phone\"><input size=\"40\" maxlength=\"400\" class=\"wpcf7-form-control wpcf7-text wpcf7-validates-as-required\" aria-required=\"true\" aria-invalid=\"false\" placeholder=\"Telefon\" value=\"\" type=\"text\" name=\"your-phone\" \/><\/span>\n\t\t\t<\/p>\n\t\t<\/div>\n\t<\/div>\n\t<div class=\"col-xs-12 col-sm-12 col-md-6 col-lg-6\">\n\t\t<div class=\"input-filled\">\n\t\t\t<p><span class=\"wpcf7-form-control-wrap\" data-name=\"your-website\"><input size=\"40\" maxlength=\"400\" class=\"wpcf7-form-control wpcf7-text\" aria-invalid=\"false\" placeholder=\"Konu\" value=\"\" type=\"text\" name=\"your-website\" \/><\/span>\n\t\t\t<\/p>\n\t\t<\/div>\n\t<\/div>\n<\/div>\n<div class=\"row\">\n\t<div class=\"col-12\">\n\t\t<div class=\"input-filled\">\n\t\t\t<p><span class=\"wpcf7-form-control-wrap\" data-name=\"your-message\"><textarea cols=\"40\" rows=\"10\" maxlength=\"2000\" class=\"wpcf7-form-control wpcf7-textarea\" aria-invalid=\"false\" placeholder=\"Mesaj\u0131n\u0131z\" name=\"your-message\"><\/textarea><\/span>\n\t\t\t<\/p>\n\t\t<\/div>\n\t<\/div>\n<\/div>\n<div class=\"row\">\n\t<div class=\"col-12\">\n\t\t<p><input class=\"wpcf7-form-control wpcf7-submit has-spinner btn\" type=\"submit\" value=\"G\u00f6nder\" \/>\n\t\t<\/p>\n\t<\/div>\n<\/div><div class=\"wpcf7-response-output\" aria-hidden=\"true\"><\/div>\n<\/form>\n<\/div>\n<\/p>\t\t\t\t\t\t\t\t<\/div>\n\t\t\t\t<\/div>\n\t\t            <\/div>\r\n        <\/div>\r\n        \t\t\t<\/div>\r\n\t\t<\/section>\r\n\t\t        <section class=\"elementor-section elementor-top-section elementor-element elementor-element-1e2cc83 elementor-section-stretched elementor-section-full_width elementor-section-height-default elementor-section-height-default\" data-id=\"1e2cc83\" data-element_type=\"section\" data-e-type=\"section\" data-settings=\"{&quot;stretch_section&quot;:&quot;section-stretched&quot;}\">\r\n\t\t<br \/>\n<b>Warning<\/b>:  Undefined array key \"background_overlay_background\" in <b>\/home\/codemaxo\/cambalkoncu.com.tr\/wp-content\/plugins\/elementor-theme-core\/inc\/elementor\/section.php<\/b> on line <b>268<\/b><br \/>\n<br \/>\n<b>Warning<\/b>:  Undefined array key \"background_overlay_hover_background\" in <b>\/home\/codemaxo\/cambalkoncu.com.tr\/wp-content\/plugins\/elementor-theme-core\/inc\/elementor\/section.php<\/b> on line <b>272<\/b><br \/>\n\r\n\t\t        <div class=\"elementor-container elementor-column-gap-default \" >\r\n\t\t<br \/>\n<b>Warning<\/b>:  Undefined array key \"background_overlay_background\" in <b>\/home\/codemaxo\/cambalkoncu.com.tr\/wp-content\/plugins\/elementor-theme-core\/inc\/elementor\/column.php<\/b> on line <b>166<\/b><br \/>\n<br \/>\n<b>Warning<\/b>:  Undefined array key \"background_overlay_hover_background\" in <b>\/home\/codemaxo\/cambalkoncu.com.tr\/wp-content\/plugins\/elementor-theme-core\/inc\/elementor\/column.php<\/b> on line <b>167<\/b><br \/>\n        <div class=\"elementor-column elementor-col-100 elementor-top-column elementor-element elementor-element-8a6c133\" data-id=\"8a6c133\" data-element_type=\"column\" data-e-type=\"column\">\r\n            <div class=\"elementor-widget-wrap elementor-element-populated\">\r\n                \t\t<div class=\"elementor-element elementor-element-31529ad elementor-widget elementor-widget-html\" data-id=\"31529ad\" data-element_type=\"widget\" data-e-type=\"widget\" data-widget_type=\"html.default\">\n\t\t\t\t<div class=\"elementor-widget-container\">\n\t\t\t\t\t<iframe src=\"https:\/\/www.google.com\/maps\/embed?pb=!1m18!1m12!1m3!1d3011.559665726967!2d29.26406001541353!3d40.99112197930254!2m3!1f0!2f0!3f0!3m2!1i1024!2i768!4f13.1!3m3!1m2!1s0x14cad1d5985a5951%3A0x205c27168bfbd986!2sAy%20Yap%C4%B1%20Teknik%20Cam%20Balkon%20Sistemleri!5e0!3m2!1str!2str!4v1637956998401!5m2!1str!2str\" width=\"800\" height=\"600\" style=\"border:0;\" allowfullscreen=\"\" loading=\"lazy\"><\/iframe>\t\t\t\t<\/div>\n\t\t\t\t<\/div>\n\t\t            <\/div>\r\n        <\/div>\r\n        \t\t\t<\/div>\r\n\t\t<\/section>\r\n\t\t\t\t<\/div>\n\t\t","protected":false},"excerpt":{"rendered":"<p>Ofis Bilgileri Email: info@cambalkoncu.com.tr Adres: Mimarsinan Mah. Mimarsinan Cad. S\u00fcreyyapa\u015fa Sokak No:17\/A Sultanbeyli Telefon: +90 535 785 04 26 \u00c7al\u0131\u015fma Saatleri: Pzt-Cmt: 8:00 \u2013 18:00 Bize Ula\u015f\u0131n<\/p>\n","protected":false},"author":4,"featured_media":0,"parent":0,"menu_order":0,"comment_status":"closed","ping_status":"closed","template":"","meta":{"googlesitekit_rrm_CAowutS7DA:productID":"","ngg_post_thumbnail":0,"footnotes":""},"class_list":["post-4750","page","type-page","status-publish","hentry"],"_links":{"self":[{"href":"https:\/\/cambalkoncu.com.tr\/index.php?rest_route=\/wp\/v2\/pages\/4750","targetHints":{"allow":["GET"]}}],"collection":[{"href":"https:\/\/cambalkoncu.com.tr\/index.php?rest_route=\/wp\/v2\/pages"}],"about":[{"href":"https:\/\/cambalkoncu.com.tr\/index.php?rest_route=\/wp\/v2\/types\/page"}],"author":[{"embeddable":true,"href":"https:\/\/cambalkoncu.com.tr\/index.php?rest_route=\/wp\/v2\/users\/4"}],"replies":[{"embeddable":true,"href":"https:\/\/cambalkoncu.com.tr\/index.php?rest_route=%2Fwp%2Fv2%2Fcomments&post=4750"}],"version-history":[{"count":32,"href":"https:\/\/cambalkoncu.com.tr\/index.php?rest_route=\/wp\/v2\/pages\/4750\/revisions"}],"predecessor-version":[{"id":7845,"href":"https:\/\/cambalkoncu.com.tr\/index.php?rest_route=\/wp\/v2\/pages\/4750\/revisions\/7845"}],"wp:attachment":[{"href":"https:\/\/cambalkoncu.com.tr\/index.php?rest_route=%2Fwp%2Fv2%2Fmedia&parent=4750"}],"curies":[{"name":"wp","href":"https:\/\/api.w.org\/{rel}","templated":true}]}}