{"id":6051,"date":"2021-11-23T21:08:20","date_gmt":"2021-11-23T21:08:20","guid":{"rendered":"https:\/\/cambalkoncu.com.tr\/?page_id=6051"},"modified":"2021-11-26T10:03:32","modified_gmt":"2021-11-26T10:03:32","slug":"pvc-kapi-ve-pencere","status":"publish","type":"page","link":"https:\/\/cambalkoncu.com.tr\/?page_id=6051","title":{"rendered":"Pvc Kap\u0131 Ve Pencere (Pimapen)"},"content":{"rendered":"\t\t<div data-elementor-type=\"wp-page\" data-elementor-id=\"6051\" class=\"elementor elementor-6051\">\n\t\t\t\t        <section class=\"elementor-section elementor-top-section elementor-element elementor-element-2abad83 elementor-section-boxed elementor-section-height-default elementor-section-height-default\" data-id=\"2abad83\" data-element_type=\"section\" data-e-type=\"section\">\r\n\t\t<br \/>\n<b>Warning<\/b>:  Undefined array key \"background_overlay_background\" in <b>\/home\/codemaxo\/cambalkoncu.com.tr\/wp-content\/plugins\/elementor-theme-core\/inc\/elementor\/section.php<\/b> on line <b>268<\/b><br \/>\n<br \/>\n<b>Warning<\/b>:  Undefined array key \"background_overlay_hover_background\" in <b>\/home\/codemaxo\/cambalkoncu.com.tr\/wp-content\/plugins\/elementor-theme-core\/inc\/elementor\/section.php<\/b> on line <b>272<\/b><br \/>\n\r\n\t\t        <div class=\"elementor-container elementor-column-gap-default \" >\r\n\t\t<br \/>\n<b>Warning<\/b>:  Undefined array key \"background_overlay_background\" in <b>\/home\/codemaxo\/cambalkoncu.com.tr\/wp-content\/plugins\/elementor-theme-core\/inc\/elementor\/column.php<\/b> on line <b>166<\/b><br \/>\n<br \/>\n<b>Warning<\/b>:  Undefined array key \"background_overlay_hover_background\" in <b>\/home\/codemaxo\/cambalkoncu.com.tr\/wp-content\/plugins\/elementor-theme-core\/inc\/elementor\/column.php<\/b> on line <b>167<\/b><br \/>\n        <div class=\"elementor-column elementor-col-100 elementor-top-column elementor-element elementor-element-d800ffd\" data-id=\"d800ffd\" data-element_type=\"column\" data-e-type=\"column\">\r\n            <div class=\"elementor-widget-wrap elementor-element-populated\">\r\n                \t\t<div class=\"elementor-element elementor-element-218b9da elementor-widget elementor-widget-cms_heading\" data-id=\"218b9da\" data-element_type=\"widget\" data-e-type=\"widget\" data-widget_type=\"cms_heading.default\">\n\t\t\t\t<div class=\"elementor-widget-container\">\n\t\t\t\t\t<div class=\"cms-heading-wrapper cms-heading-layout1 \">\r\n    \r\n            <h2 class=\"custom-heading\">\r\n            <span                 >\r\n                PVC KAPI VE PENCERE (P\u0130MAPEN)<\/span>\r\n        <\/h2>\r\n        \r\n    <\/div>\t\t\t\t<\/div>\n\t\t\t\t<\/div>\n\t\t            <\/div>\r\n        <\/div>\r\n        \t\t\t<\/div>\r\n\t\t<\/section>\r\n\t\t        <section class=\"elementor-section elementor-top-section elementor-element elementor-element-74007d1 elementor-section-boxed elementor-section-height-default elementor-section-height-default\" data-id=\"74007d1\" data-element_type=\"section\" data-e-type=\"section\">\r\n\t\t<br \/>\n<b>Warning<\/b>:  Undefined array key \"background_overlay_background\" in <b>\/home\/codemaxo\/cambalkoncu.com.tr\/wp-content\/plugins\/elementor-theme-core\/inc\/elementor\/section.php<\/b> on line <b>268<\/b><br \/>\n<br \/>\n<b>Warning<\/b>:  Undefined array key \"background_overlay_hover_background\" in <b>\/home\/codemaxo\/cambalkoncu.com.tr\/wp-content\/plugins\/elementor-theme-core\/inc\/elementor\/section.php<\/b> on line <b>272<\/b><br \/>\n\r\n\t\t        <div class=\"elementor-container elementor-column-gap-default \" >\r\n\t\t<br \/>\n<b>Warning<\/b>:  Undefined array key \"background_overlay_background\" in <b>\/home\/codemaxo\/cambalkoncu.com.tr\/wp-content\/plugins\/elementor-theme-core\/inc\/elementor\/column.php<\/b> on line <b>166<\/b><br \/>\n<br \/>\n<b>Warning<\/b>:  Undefined array key \"background_overlay_hover_background\" in <b>\/home\/codemaxo\/cambalkoncu.com.tr\/wp-content\/plugins\/elementor-theme-core\/inc\/elementor\/column.php<\/b> on line <b>167<\/b><br \/>\n        <div class=\"elementor-column elementor-col-50 elementor-top-column elementor-element elementor-element-406abc2\" data-id=\"406abc2\" data-element_type=\"column\" data-e-type=\"column\">\r\n            <div class=\"elementor-widget-wrap elementor-element-populated\">\r\n                \t\t<div class=\"elementor-element elementor-element-4b2f5f4 elementor-widget elementor-widget-spacer\" data-id=\"4b2f5f4\" data-element_type=\"widget\" data-e-type=\"widget\" data-widget_type=\"spacer.default\">\n\t\t\t\t<div class=\"elementor-widget-container\">\n\t\t\t\t\t\t\t<div class=\"elementor-spacer\">\n\t\t\t<div class=\"elementor-spacer-inner\"><\/div>\n\t\t<\/div>\n\t\t\t\t\t\t<\/div>\n\t\t\t\t<\/div>\n\t\t\t\t<div class=\"elementor-element elementor-element-7d7e275 elementor-widget elementor-widget-text-editor\" data-id=\"7d7e275\" data-element_type=\"widget\" data-e-type=\"widget\" data-widget_type=\"text-editor.default\">\n\t\t\t\t<div class=\"elementor-widget-container\">\n\t\t\t\t\t\t\t\t\t<p>Pvc kelimesi bir k\u0131saltma s\u00f6zc\u00fc\u011f\u00fcd\u00fcr. Kelimenin uzun hali ise Polivinil klor\u00fcr olarak ge\u00e7mektedir. Bu madde asl\u0131nda plastik i\u00e7erikli bir formdur. Ayn\u0131 zamanda olduk\u00e7a geni\u015f bir kullan\u0131m alan\u0131na da sahiptir.<\/p><p>Pvc ismini sat\u0131n ald\u0131\u011f\u0131m\u0131z \u00fcr\u00fcnlerin i\u00e7eri\u011finde g\u00f6rebilece\u011fimiz gibi pencere, kap\u0131, kaplama, d\u00f6\u015feme ve hobi i\u00e7erikli \u00fcr\u00fcnlerde s\u0131kl\u0131kla rastlar\u0131z. Bunun nedeni bu malzemenin esnek ve dayan\u0131kl\u0131 olmas\u0131d\u0131r. Ayn\u0131 zamanda da ucuz maliyetli bir \u00fcr\u00fcn olmas\u0131ndan dolay\u0131 s\u0131kl\u0131kla tercih edilmektedir.<\/p>\t\t\t\t\t\t\t\t<\/div>\n\t\t\t\t<\/div>\n\t\t            <\/div>\r\n        <\/div>\r\n        <br \/>\n<b>Warning<\/b>:  Undefined array key \"background_overlay_background\" in <b>\/home\/codemaxo\/cambalkoncu.com.tr\/wp-content\/plugins\/elementor-theme-core\/inc\/elementor\/column.php<\/b> on line <b>166<\/b><br \/>\n<br \/>\n<b>Warning<\/b>:  Undefined array key \"background_overlay_hover_background\" in <b>\/home\/codemaxo\/cambalkoncu.com.tr\/wp-content\/plugins\/elementor-theme-core\/inc\/elementor\/column.php<\/b> on line <b>167<\/b><br \/>\n        <div class=\"elementor-column elementor-col-50 elementor-top-column elementor-element elementor-element-3a535c1\" data-id=\"3a535c1\" data-element_type=\"column\" data-e-type=\"column\">\r\n            <div class=\"elementor-widget-wrap elementor-element-populated\">\r\n                \t\t<div class=\"elementor-element elementor-element-33ae8e9 elementor-widget elementor-widget-image\" data-id=\"33ae8e9\" data-element_type=\"widget\" data-e-type=\"widget\" data-widget_type=\"image.default\">\n\t\t\t\t<div class=\"elementor-widget-container\">\n\t\t\t\t\t\t\t\t\t\t\t\t\t\t\t<img decoding=\"async\" width=\"1\" height=\"1\" src=\"https:\/\/cambalkoncu.com.tr\/wp-content\/uploads\/2021\/11\/ventanas-puertas-de-aluminio-dvh-modena-a30-new-herrero_iZ1XvZcXpZ5XfZ138930713-462422432-5.jpgXsZ138930713xIM.jpg\" class=\"attachment-medium_large size-medium_large wp-image-6372\" alt=\"\" \/>\t\t\t\t\t\t\t\t\t\t\t\t\t\t\t<\/div>\n\t\t\t\t<\/div>\n\t\t            <\/div>\r\n        <\/div>\r\n        \t\t\t<\/div>\r\n\t\t<\/section>\r\n\t\t        <section class=\"elementor-section elementor-top-section elementor-element elementor-element-60a653b elementor-section-boxed elementor-section-height-default elementor-section-height-default\" data-id=\"60a653b\" data-element_type=\"section\" data-e-type=\"section\">\r\n\t\t<br \/>\n<b>Warning<\/b>:  Undefined array key \"background_overlay_background\" in <b>\/home\/codemaxo\/cambalkoncu.com.tr\/wp-content\/plugins\/elementor-theme-core\/inc\/elementor\/section.php<\/b> on line <b>268<\/b><br \/>\n<br \/>\n<b>Warning<\/b>:  Undefined array key \"background_overlay_hover_background\" in <b>\/home\/codemaxo\/cambalkoncu.com.tr\/wp-content\/plugins\/elementor-theme-core\/inc\/elementor\/section.php<\/b> on line <b>272<\/b><br \/>\n\r\n\t\t        <div class=\"elementor-container elementor-column-gap-default \" >\r\n\t\t<br \/>\n<b>Warning<\/b>:  Undefined array key \"background_overlay_background\" in <b>\/home\/codemaxo\/cambalkoncu.com.tr\/wp-content\/plugins\/elementor-theme-core\/inc\/elementor\/column.php<\/b> on line <b>166<\/b><br \/>\n<br \/>\n<b>Warning<\/b>:  Undefined array key \"background_overlay_hover_background\" in <b>\/home\/codemaxo\/cambalkoncu.com.tr\/wp-content\/plugins\/elementor-theme-core\/inc\/elementor\/column.php<\/b> on line <b>167<\/b><br \/>\n        <div class=\"elementor-column elementor-col-100 elementor-top-column elementor-element elementor-element-81d0648\" data-id=\"81d0648\" data-element_type=\"column\" data-e-type=\"column\">\r\n            <div class=\"elementor-widget-wrap elementor-element-populated\">\r\n                \t\t<div class=\"elementor-element elementor-element-db2b8f8 elementor-widget elementor-widget-spacer\" data-id=\"db2b8f8\" data-element_type=\"widget\" data-e-type=\"widget\" data-widget_type=\"spacer.default\">\n\t\t\t\t<div class=\"elementor-widget-container\">\n\t\t\t\t\t\t\t<div class=\"elementor-spacer\">\n\t\t\t<div class=\"elementor-spacer-inner\"><\/div>\n\t\t<\/div>\n\t\t\t\t\t\t<\/div>\n\t\t\t\t<\/div>\n\t\t\t\t<div class=\"elementor-element elementor-element-af0236d elementor-widget elementor-widget-cms_heading\" data-id=\"af0236d\" data-element_type=\"widget\" data-e-type=\"widget\" data-widget_type=\"cms_heading.default\">\n\t\t\t\t<div class=\"elementor-widget-container\">\n\t\t\t\t\t<div class=\"cms-heading-wrapper cms-heading-layout1 \">\r\n    \r\n            <h4 class=\"custom-heading\">\r\n            <span                 >\r\n                PVC KAPI VE PENCERE (P\u0130MAPEN) \u00d6RNEKLER\u0130<\/span>\r\n        <\/h4>\r\n        \r\n    <\/div>\t\t\t\t<\/div>\n\t\t\t\t<\/div>\n\t\t            <\/div>\r\n        <\/div>\r\n        \t\t\t<\/div>\r\n\t\t<\/section>\r\n\t\t        <section class=\"elementor-section elementor-top-section elementor-element elementor-element-dcd422d elementor-section-boxed elementor-section-height-default elementor-section-height-default\" data-id=\"dcd422d\" data-element_type=\"section\" data-e-type=\"section\">\r\n\t\t<br \/>\n<b>Warning<\/b>:  Undefined array key \"background_overlay_background\" in <b>\/home\/codemaxo\/cambalkoncu.com.tr\/wp-content\/plugins\/elementor-theme-core\/inc\/elementor\/section.php<\/b> on line <b>268<\/b><br \/>\n<br \/>\n<b>Warning<\/b>:  Undefined array key \"background_overlay_hover_background\" in <b>\/home\/codemaxo\/cambalkoncu.com.tr\/wp-content\/plugins\/elementor-theme-core\/inc\/elementor\/section.php<\/b> on line <b>272<\/b><br \/>\n\r\n\t\t        <div class=\"elementor-container elementor-column-gap-default \" >\r\n\t\t<br \/>\n<b>Warning<\/b>:  Undefined array key \"background_overlay_background\" in <b>\/home\/codemaxo\/cambalkoncu.com.tr\/wp-content\/plugins\/elementor-theme-core\/inc\/elementor\/column.php<\/b> on line <b>166<\/b><br \/>\n<br \/>\n<b>Warning<\/b>:  Undefined array key \"background_overlay_hover_background\" in <b>\/home\/codemaxo\/cambalkoncu.com.tr\/wp-content\/plugins\/elementor-theme-core\/inc\/elementor\/column.php<\/b> on line <b>167<\/b><br \/>\n        <div class=\"elementor-column elementor-col-100 elementor-top-column elementor-element elementor-element-1f5e935\" data-id=\"1f5e935\" data-element_type=\"column\" data-e-type=\"column\">\r\n            <div class=\"elementor-widget-wrap elementor-element-populated\">\r\n                \t\t<div class=\"elementor-element elementor-element-1dd14fb elementor-widget elementor-widget-text-editor\" data-id=\"1dd14fb\" data-element_type=\"widget\" data-e-type=\"widget\" data-widget_type=\"text-editor.default\">\n\t\t\t\t<div class=\"elementor-widget-container\">\n\t\t\t\t\t\t\t\t\t<p><!-- default-view.php -->\n<div\n\tclass=\"ngg-galleryoverview default-view\n\t\t\"\n\tid=\"ngg-gallery-d9b0f6dde397b09f5f30fcfa5c542868-1\"\n\tdata-nextgen-gallery-id=\"6\"\n\tdata-gallery-id=\"6\"\n\t\tdata-gallery-name=\"pimapen\"\n\t>\n\n\t\t<!-- Thumbnails -->\n\t\t\t\t<div id=\"ngg-image-0\" class=\"ngg-gallery-thumbnail-box\n\t\t\t\t\t\t\t\t\t\t\t\"\n\t\t\t>\n\t\t\t\t\t\t<div class=\"ngg-gallery-thumbnail\">\n\t\t<a href=\"https:\/\/cambalkoncu.com.tr\/wp-content\/gallery\/pimapen-1\/%D0%91%D0%B0%D0%BB%D0%BA%D0%BE%D0%BD%D0%BA%D0%B0.-2jpg.jpg?t=1765336514\"\n\t\t\ttitle=\"\"\n\t\t\tdata-src=\"https:\/\/cambalkoncu.com.tr\/wp-content\/gallery\/pimapen-1\/%D0%91%D0%B0%D0%BB%D0%BA%D0%BE%D0%BD%D0%BA%D0%B0.-2jpg.jpg?t=1765336514\"\n\t\t\tdata-thumbnail=\"https:\/\/cambalkoncu.com.tr\/wp-content\/gallery\/pimapen-1\/thumbs\/thumbs_%D0%91%D0%B0%D0%BB%D0%BA%D0%BE%D0%BD%D0%BA%D0%B0.-2jpg.jpg?t=1765336514\"\n\t\t\tdata-image-id=\"15\"\n\t\t\tdata-image-name=\"\u0411\u0430\u043b\u043a\u043e\u043d\u043a\u0430.-2jpg.jpg\"\n\t\t\tdata-title=\"\u0411\u0430\u043b\u043a\u043e\u043d\u043a\u0430.-2jpg\"\n\t\t\tdata-description=\"\"\n\t\t\tdata-image-slug=\"%d0%b1%d0%b0%d0%bb%d0%ba%d0%be%d0%bd%d0%ba%d0%b0-2jpg\"\n\t\t\t\t\t\t\t\t\t\t\t\t\t\t\t\t\t\t\t\tclass=\"ngg-simplelightbox\" rel=\"d9b0f6dde397b09f5f30fcfa5c542868\">\n\t\t\t\t\t\t\t\t<img\n\t\t\t\t\ttitle=\"\u0411\u0430\u043b\u043a\u043e\u043d\u043a\u0430.-2jpg\"\n\t\t\t\t\talt=\"\u0411\u0430\u043b\u043a\u043e\u043d\u043a\u0430.-2jpg\"\n\t\t\t\t\tsrc=\"https:\/\/cambalkoncu.com.tr\/wp-content\/gallery\/pimapen-1\/thumbs\/thumbs_%D0%91%D0%B0%D0%BB%D0%BA%D0%BE%D0%BD%D0%BA%D0%B0.-2jpg.jpg?t=1765336514\"\n\t\t\t\t\twidth=\"240\"\n\t\t\t\t\theight=\"160\"\n\t\t\t\t\tstyle=\"max-width:100%;\"\n\t\t\t\t\/>\n\t\t\t<\/a>\n\t\t<\/div>\n\t\t\t\t\t\t\t<\/div>\n\t\t\t\n\t\t\t\t<div id=\"ngg-image-1\" class=\"ngg-gallery-thumbnail-box\n\t\t\t\t\t\t\t\t\t\t\t\"\n\t\t\t>\n\t\t\t\t\t\t<div class=\"ngg-gallery-thumbnail\">\n\t\t<a href=\"https:\/\/cambalkoncu.com.tr\/wp-content\/gallery\/pimapen-1\/sistemserisi.png?t=1765336515\"\n\t\t\ttitle=\"\"\n\t\t\tdata-src=\"https:\/\/cambalkoncu.com.tr\/wp-content\/gallery\/pimapen-1\/sistemserisi.png?t=1765336515\"\n\t\t\tdata-thumbnail=\"https:\/\/cambalkoncu.com.tr\/wp-content\/gallery\/pimapen-1\/thumbs\/thumbs_sistemserisi.png?t=1765336515\"\n\t\t\tdata-image-id=\"16\"\n\t\t\tdata-image-name=\"sistemserisi.png\"\n\t\t\tdata-title=\"sistemserisi\"\n\t\t\tdata-description=\"\"\n\t\t\tdata-image-slug=\"sistemserisi\"\n\t\t\t\t\t\t\t\t\t\t\t\t\t\t\t\t\t\t\t\tclass=\"ngg-simplelightbox\" rel=\"d9b0f6dde397b09f5f30fcfa5c542868\">\n\t\t\t\t\t\t\t\t<img\n\t\t\t\t\ttitle=\"sistemserisi\"\n\t\t\t\t\talt=\"sistemserisi\"\n\t\t\t\t\tsrc=\"https:\/\/cambalkoncu.com.tr\/wp-content\/gallery\/pimapen-1\/thumbs\/thumbs_sistemserisi.png?t=1765336515\"\n\t\t\t\t\twidth=\"240\"\n\t\t\t\t\theight=\"160\"\n\t\t\t\t\tstyle=\"max-width:100%;\"\n\t\t\t\t\/>\n\t\t\t<\/a>\n\t\t<\/div>\n\t\t\t\t\t\t\t<\/div>\n\t\t\t\n\t\t\t\t<div id=\"ngg-image-2\" class=\"ngg-gallery-thumbnail-box\n\t\t\t\t\t\t\t\t\t\t\t\"\n\t\t\t>\n\t\t\t\t\t\t<div class=\"ngg-gallery-thumbnail\">\n\t\t<a href=\"https:\/\/cambalkoncu.com.tr\/wp-content\/gallery\/pimapen-1\/SAT120-LS-400x400-1.jpg?t=1765336515\"\n\t\t\ttitle=\"\"\n\t\t\tdata-src=\"https:\/\/cambalkoncu.com.tr\/wp-content\/gallery\/pimapen-1\/SAT120-LS-400x400-1.jpg?t=1765336515\"\n\t\t\tdata-thumbnail=\"https:\/\/cambalkoncu.com.tr\/wp-content\/gallery\/pimapen-1\/thumbs\/thumbs_SAT120-LS-400x400-1.jpg?t=1765336515\"\n\t\t\tdata-image-id=\"17\"\n\t\t\tdata-image-name=\"SAT120-LS-400x400-1.jpg\"\n\t\t\tdata-title=\"SAT120-LS-400x400-1\"\n\t\t\tdata-description=\"\"\n\t\t\tdata-image-slug=\"sat120-ls-400x400-1\"\n\t\t\t\t\t\t\t\t\t\t\t\t\t\t\t\t\t\t\t\tclass=\"ngg-simplelightbox\" rel=\"d9b0f6dde397b09f5f30fcfa5c542868\">\n\t\t\t\t\t\t\t\t<img\n\t\t\t\t\ttitle=\"SAT120-LS-400x400-1\"\n\t\t\t\t\talt=\"SAT120-LS-400x400-1\"\n\t\t\t\t\tsrc=\"https:\/\/cambalkoncu.com.tr\/wp-content\/gallery\/pimapen-1\/thumbs\/thumbs_SAT120-LS-400x400-1.jpg?t=1765336515\"\n\t\t\t\t\twidth=\"240\"\n\t\t\t\t\theight=\"160\"\n\t\t\t\t\tstyle=\"max-width:100%;\"\n\t\t\t\t\/>\n\t\t\t<\/a>\n\t\t<\/div>\n\t\t\t\t\t\t\t<\/div>\n\t\t\t\n\t\t\t\t<div id=\"ngg-image-3\" class=\"ngg-gallery-thumbnail-box\n\t\t\t\t\t\t\t\t\t\t\t\"\n\t\t\t>\n\t\t\t\t\t\t<div class=\"ngg-gallery-thumbnail\">\n\t\t<a href=\"https:\/\/cambalkoncu.com.tr\/wp-content\/gallery\/pimapen-1\/RWT_55.png?t=1765336515\"\n\t\t\ttitle=\"\"\n\t\t\tdata-src=\"https:\/\/cambalkoncu.com.tr\/wp-content\/gallery\/pimapen-1\/RWT_55.png?t=1765336515\"\n\t\t\tdata-thumbnail=\"https:\/\/cambalkoncu.com.tr\/wp-content\/gallery\/pimapen-1\/thumbs\/thumbs_RWT_55.png?t=1765336515\"\n\t\t\tdata-image-id=\"18\"\n\t\t\tdata-image-name=\"RWT_55.png\"\n\t\t\tdata-title=\"RWT_55\"\n\t\t\tdata-description=\"\"\n\t\t\tdata-image-slug=\"rwt_55\"\n\t\t\t\t\t\t\t\t\t\t\t\t\t\t\t\t\t\t\t\tclass=\"ngg-simplelightbox\" rel=\"d9b0f6dde397b09f5f30fcfa5c542868\">\n\t\t\t\t\t\t\t\t<img\n\t\t\t\t\ttitle=\"RWT_55\"\n\t\t\t\t\talt=\"RWT_55\"\n\t\t\t\t\tsrc=\"https:\/\/cambalkoncu.com.tr\/wp-content\/gallery\/pimapen-1\/thumbs\/thumbs_RWT_55.png?t=1765336515\"\n\t\t\t\t\twidth=\"240\"\n\t\t\t\t\theight=\"160\"\n\t\t\t\t\tstyle=\"max-width:100%;\"\n\t\t\t\t\/>\n\t\t\t<\/a>\n\t\t<\/div>\n\t\t\t\t\t\t\t<\/div>\n\t\t\t\n\t\t\t\t<div id=\"ngg-image-4\" class=\"ngg-gallery-thumbnail-box\n\t\t\t\t\t\t\t\t\t\t\t\"\n\t\t\t>\n\t\t\t\t\t\t<div class=\"ngg-gallery-thumbnail\">\n\t\t<a href=\"https:\/\/cambalkoncu.com.tr\/wp-content\/gallery\/pimapen-1\/4b7c9enerji.jpg?t=1765336515\"\n\t\t\ttitle=\"\"\n\t\t\tdata-src=\"https:\/\/cambalkoncu.com.tr\/wp-content\/gallery\/pimapen-1\/4b7c9enerji.jpg?t=1765336515\"\n\t\t\tdata-thumbnail=\"https:\/\/cambalkoncu.com.tr\/wp-content\/gallery\/pimapen-1\/thumbs\/thumbs_4b7c9enerji.jpg?t=1765336515\"\n\t\t\tdata-image-id=\"19\"\n\t\t\tdata-image-name=\"4b7c9enerji.jpg\"\n\t\t\tdata-title=\"10-E-DELTA_Rwt75.pdf\"\n\t\t\tdata-description=\"\"\n\t\t\tdata-image-slug=\"4b7c9enerji\"\n\t\t\t\t\t\t\t\t\t\t\t\t\t\t\t\t\t\t\t\tclass=\"ngg-simplelightbox\" rel=\"d9b0f6dde397b09f5f30fcfa5c542868\">\n\t\t\t\t\t\t\t\t<img\n\t\t\t\t\ttitle=\"10-E-DELTA_Rwt75.pdf\"\n\t\t\t\t\talt=\"10-E-DELTA_Rwt75.pdf\"\n\t\t\t\t\tsrc=\"https:\/\/cambalkoncu.com.tr\/wp-content\/gallery\/pimapen-1\/thumbs\/thumbs_4b7c9enerji.jpg?t=1765336515\"\n\t\t\t\t\twidth=\"240\"\n\t\t\t\t\theight=\"160\"\n\t\t\t\t\tstyle=\"max-width:100%;\"\n\t\t\t\t\/>\n\t\t\t<\/a>\n\t\t<\/div>\n\t\t\t\t\t\t\t<\/div>\n\t\t\t\n\t\t\t\t<div id=\"ngg-image-5\" class=\"ngg-gallery-thumbnail-box\n\t\t\t\t\t\t\t\t\t\t\t\"\n\t\t\t>\n\t\t\t\t\t\t<div class=\"ngg-gallery-thumbnail\">\n\t\t<a href=\"https:\/\/cambalkoncu.com.tr\/wp-content\/gallery\/pimapen-1\/e6df81.png?t=1765336515\"\n\t\t\ttitle=\"\"\n\t\t\tdata-src=\"https:\/\/cambalkoncu.com.tr\/wp-content\/gallery\/pimapen-1\/e6df81.png?t=1765336515\"\n\t\t\tdata-thumbnail=\"https:\/\/cambalkoncu.com.tr\/wp-content\/gallery\/pimapen-1\/thumbs\/thumbs_e6df81.png?t=1765336515\"\n\t\t\tdata-image-id=\"20\"\n\t\t\tdata-image-name=\"e6df81.png\"\n\t\t\tdata-title=\"e6df81\"\n\t\t\tdata-description=\"\"\n\t\t\tdata-image-slug=\"e6df81\"\n\t\t\t\t\t\t\t\t\t\t\t\t\t\t\t\t\t\t\t\tclass=\"ngg-simplelightbox\" rel=\"d9b0f6dde397b09f5f30fcfa5c542868\">\n\t\t\t\t\t\t\t\t<img\n\t\t\t\t\ttitle=\"e6df81\"\n\t\t\t\t\talt=\"e6df81\"\n\t\t\t\t\tsrc=\"https:\/\/cambalkoncu.com.tr\/wp-content\/gallery\/pimapen-1\/thumbs\/thumbs_e6df81.png?t=1765336515\"\n\t\t\t\t\twidth=\"240\"\n\t\t\t\t\theight=\"160\"\n\t\t\t\t\tstyle=\"max-width:100%;\"\n\t\t\t\t\/>\n\t\t\t<\/a>\n\t\t<\/div>\n\t\t\t\t\t\t\t<\/div>\n\t\t\t\n\t\t\t\t<div id=\"ngg-image-6\" class=\"ngg-gallery-thumbnail-box\n\t\t\t\t\t\t\t\t\t\t\t\"\n\t\t\t>\n\t\t\t\t\t\t<div class=\"ngg-gallery-thumbnail\">\n\t\t<a href=\"https:\/\/cambalkoncu.com.tr\/wp-content\/gallery\/pimapen-1\/isiyal.png?t=1765336515\"\n\t\t\ttitle=\"\"\n\t\t\tdata-src=\"https:\/\/cambalkoncu.com.tr\/wp-content\/gallery\/pimapen-1\/isiyal.png?t=1765336515\"\n\t\t\tdata-thumbnail=\"https:\/\/cambalkoncu.com.tr\/wp-content\/gallery\/pimapen-1\/thumbs\/thumbs_isiyal.png?t=1765336515\"\n\t\t\tdata-image-id=\"21\"\n\t\t\tdata-image-name=\"isiyal.png\"\n\t\t\tdata-title=\"isiyal\"\n\t\t\tdata-description=\"\"\n\t\t\tdata-image-slug=\"isiyal\"\n\t\t\t\t\t\t\t\t\t\t\t\t\t\t\t\t\t\t\t\tclass=\"ngg-simplelightbox\" rel=\"d9b0f6dde397b09f5f30fcfa5c542868\">\n\t\t\t\t\t\t\t\t<img\n\t\t\t\t\ttitle=\"isiyal\"\n\t\t\t\t\talt=\"isiyal\"\n\t\t\t\t\tsrc=\"https:\/\/cambalkoncu.com.tr\/wp-content\/gallery\/pimapen-1\/thumbs\/thumbs_isiyal.png?t=1765336515\"\n\t\t\t\t\twidth=\"240\"\n\t\t\t\t\theight=\"160\"\n\t\t\t\t\tstyle=\"max-width:100%;\"\n\t\t\t\t\/>\n\t\t\t<\/a>\n\t\t<\/div>\n\t\t\t\t\t\t\t<\/div>\n\t\t\t\n\t\n\t<br style=\"clear: both\" \/>\n\n\t\n\t\t<!-- Pagination -->\n\t\t<div class='ngg-clear'><\/div>\t<\/div>\n<\/p>\t\t\t\t\t\t\t\t<\/div>\n\t\t\t\t<\/div>\n\t\t            <\/div>\r\n        <\/div>\r\n        \t\t\t<\/div>\r\n\t\t<\/section>\r\n\t\t\t\t<\/div>\n\t\t","protected":false},"excerpt":{"rendered":"<p>PVC KAPI VE PENCERE (P\u0130MAPEN) Pvc kelimesi bir k\u0131saltma s\u00f6zc\u00fc\u011f\u00fcd\u00fcr. Kelimenin uzun hali ise Polivinil klor\u00fcr olarak ge\u00e7mektedir. Bu madde asl\u0131nda plastik i\u00e7erikli bir formdur. Ayn\u0131 zamanda olduk\u00e7a geni\u015f bir kullan\u0131m alan\u0131na da sahiptir. Pvc ismini sat\u0131n ald\u0131\u011f\u0131m\u0131z \u00fcr\u00fcnlerin i\u00e7eri\u011finde g\u00f6rebilece\u011fimiz gibi pencere, kap\u0131, kaplama, d\u00f6\u015feme ve hobi i\u00e7erikli \u00fcr\u00fcnlerde s\u0131kl\u0131kla rastlar\u0131z. Bunun nedeni bu [&hellip;]<\/p>\n","protected":false},"author":4,"featured_media":0,"parent":0,"menu_order":0,"comment_status":"closed","ping_status":"closed","template":"","meta":{"googlesitekit_rrm_CAowutS7DA:productID":"","ngg_post_thumbnail":0,"footnotes":""},"class_list":["post-6051","page","type-page","status-publish","hentry"],"_links":{"self":[{"href":"https:\/\/cambalkoncu.com.tr\/index.php?rest_route=\/wp\/v2\/pages\/6051","targetHints":{"allow":["GET"]}}],"collection":[{"href":"https:\/\/cambalkoncu.com.tr\/index.php?rest_route=\/wp\/v2\/pages"}],"about":[{"href":"https:\/\/cambalkoncu.com.tr\/index.php?rest_route=\/wp\/v2\/types\/page"}],"author":[{"embeddable":true,"href":"https:\/\/cambalkoncu.com.tr\/index.php?rest_route=\/wp\/v2\/users\/4"}],"replies":[{"embeddable":true,"href":"https:\/\/cambalkoncu.com.tr\/index.php?rest_route=%2Fwp%2Fv2%2Fcomments&post=6051"}],"version-history":[{"count":11,"href":"https:\/\/cambalkoncu.com.tr\/index.php?rest_route=\/wp\/v2\/pages\/6051\/revisions"}],"predecessor-version":[{"id":6936,"href":"https:\/\/cambalkoncu.com.tr\/index.php?rest_route=\/wp\/v2\/pages\/6051\/revisions\/6936"}],"wp:attachment":[{"href":"https:\/\/cambalkoncu.com.tr\/index.php?rest_route=%2Fwp%2Fv2%2Fmedia&parent=6051"}],"curies":[{"name":"wp","href":"https:\/\/api.w.org\/{rel}","templated":true}]}}