{"id":6083,"date":"2021-11-23T21:17:41","date_gmt":"2021-11-23T21:17:41","guid":{"rendered":"https:\/\/cambalkoncu.com.tr\/?page_id=6083"},"modified":"2021-11-25T20:36:41","modified_gmt":"2021-11-25T20:36:41","slug":"pergole-tente","status":"publish","type":"page","link":"https:\/\/cambalkoncu.com.tr\/?page_id=6083","title":{"rendered":"Pergole Tente"},"content":{"rendered":"\t\t<div data-elementor-type=\"wp-page\" data-elementor-id=\"6083\" class=\"elementor elementor-6083\">\n\t\t\t\t        <section class=\"elementor-section elementor-top-section elementor-element elementor-element-2abad83 elementor-section-boxed elementor-section-height-default elementor-section-height-default\" data-id=\"2abad83\" data-element_type=\"section\" data-e-type=\"section\">\r\n\t\t<br \/>\n<b>Warning<\/b>:  Undefined array key \"background_overlay_background\" in <b>\/home\/codemaxo\/cambalkoncu.com.tr\/wp-content\/plugins\/elementor-theme-core\/inc\/elementor\/section.php<\/b> on line <b>268<\/b><br \/>\n<br \/>\n<b>Warning<\/b>:  Undefined array key \"background_overlay_hover_background\" in <b>\/home\/codemaxo\/cambalkoncu.com.tr\/wp-content\/plugins\/elementor-theme-core\/inc\/elementor\/section.php<\/b> on line <b>272<\/b><br \/>\n\r\n\t\t        <div class=\"elementor-container elementor-column-gap-default \" >\r\n\t\t<br \/>\n<b>Warning<\/b>:  Undefined array key \"background_overlay_background\" in <b>\/home\/codemaxo\/cambalkoncu.com.tr\/wp-content\/plugins\/elementor-theme-core\/inc\/elementor\/column.php<\/b> on line <b>166<\/b><br \/>\n<br \/>\n<b>Warning<\/b>:  Undefined array key \"background_overlay_hover_background\" in <b>\/home\/codemaxo\/cambalkoncu.com.tr\/wp-content\/plugins\/elementor-theme-core\/inc\/elementor\/column.php<\/b> on line <b>167<\/b><br \/>\n        <div class=\"elementor-column elementor-col-100 elementor-top-column elementor-element elementor-element-d800ffd\" data-id=\"d800ffd\" data-element_type=\"column\" data-e-type=\"column\">\r\n            <div class=\"elementor-widget-wrap elementor-element-populated\">\r\n                \t\t<div class=\"elementor-element elementor-element-218b9da elementor-widget elementor-widget-cms_heading\" data-id=\"218b9da\" data-element_type=\"widget\" data-e-type=\"widget\" data-widget_type=\"cms_heading.default\">\n\t\t\t\t<div class=\"elementor-widget-container\">\n\t\t\t\t\t<div class=\"cms-heading-wrapper cms-heading-layout1 \">\r\n    \r\n            <h2 class=\"custom-heading\">\r\n            <span                 >\r\n                Pergole Tente<\/span>\r\n        <\/h2>\r\n        \r\n    <\/div>\t\t\t\t<\/div>\n\t\t\t\t<\/div>\n\t\t            <\/div>\r\n        <\/div>\r\n        \t\t\t<\/div>\r\n\t\t<\/section>\r\n\t\t        <section class=\"elementor-section elementor-top-section elementor-element elementor-element-74007d1 elementor-section-boxed elementor-section-height-default elementor-section-height-default\" data-id=\"74007d1\" data-element_type=\"section\" data-e-type=\"section\">\r\n\t\t<br \/>\n<b>Warning<\/b>:  Undefined array key \"background_overlay_background\" in <b>\/home\/codemaxo\/cambalkoncu.com.tr\/wp-content\/plugins\/elementor-theme-core\/inc\/elementor\/section.php<\/b> on line <b>268<\/b><br \/>\n<br \/>\n<b>Warning<\/b>:  Undefined array key \"background_overlay_hover_background\" in <b>\/home\/codemaxo\/cambalkoncu.com.tr\/wp-content\/plugins\/elementor-theme-core\/inc\/elementor\/section.php<\/b> on line <b>272<\/b><br \/>\n\r\n\t\t        <div class=\"elementor-container elementor-column-gap-default \" >\r\n\t\t<br \/>\n<b>Warning<\/b>:  Undefined array key \"background_overlay_background\" in <b>\/home\/codemaxo\/cambalkoncu.com.tr\/wp-content\/plugins\/elementor-theme-core\/inc\/elementor\/column.php<\/b> on line <b>166<\/b><br \/>\n<br \/>\n<b>Warning<\/b>:  Undefined array key \"background_overlay_hover_background\" in <b>\/home\/codemaxo\/cambalkoncu.com.tr\/wp-content\/plugins\/elementor-theme-core\/inc\/elementor\/column.php<\/b> on line <b>167<\/b><br \/>\n        <div class=\"elementor-column elementor-col-50 elementor-top-column elementor-element elementor-element-406abc2\" data-id=\"406abc2\" data-element_type=\"column\" data-e-type=\"column\">\r\n            <div class=\"elementor-widget-wrap elementor-element-populated\">\r\n                \t\t<div class=\"elementor-element elementor-element-4b2f5f4 elementor-widget elementor-widget-spacer\" data-id=\"4b2f5f4\" data-element_type=\"widget\" data-e-type=\"widget\" data-widget_type=\"spacer.default\">\n\t\t\t\t<div class=\"elementor-widget-container\">\n\t\t\t\t\t\t\t<div class=\"elementor-spacer\">\n\t\t\t<div class=\"elementor-spacer-inner\"><\/div>\n\t\t<\/div>\n\t\t\t\t\t\t<\/div>\n\t\t\t\t<\/div>\n\t\t\t\t<div class=\"elementor-element elementor-element-7d7e275 elementor-widget elementor-widget-text-editor\" data-id=\"7d7e275\" data-element_type=\"widget\" data-e-type=\"widget\" data-widget_type=\"text-editor.default\">\n\t\t\t\t<div class=\"elementor-widget-container\">\n\t\t\t\t\t\t\t\t\t<p>Sa\u00e7ak anlam\u0131na gelen Pergule kelimesinden t\u00fcremi\u015ftir. \u0130talyanca da ise\u00a0<b>pergola<\/b>\u00a0g\u00f6lgelik anlam\u0131na gelir.\u00a0<b>Pergola<\/b>\u00a0a\u00e7\u0131lma kapanma \u00f6zelli\u011fi ile g\u00fcne\u015f ya da ya\u011fmur tarz\u0131 d\u0131\u015f etkenlerden korunma sa\u011flayan, oturulan \u00e7e\u015fitli alanlarda kullan\u0131labilen ve oturulan alan\u0131n \u00fcst\u00fcn\u00fc kapatmaya yarayan sistemlerdir.<\/p>\t\t\t\t\t\t\t\t<\/div>\n\t\t\t\t<\/div>\n\t\t            <\/div>\r\n        <\/div>\r\n        <br \/>\n<b>Warning<\/b>:  Undefined array key \"background_overlay_background\" in <b>\/home\/codemaxo\/cambalkoncu.com.tr\/wp-content\/plugins\/elementor-theme-core\/inc\/elementor\/column.php<\/b> on line <b>166<\/b><br \/>\n<br \/>\n<b>Warning<\/b>:  Undefined array key \"background_overlay_hover_background\" in <b>\/home\/codemaxo\/cambalkoncu.com.tr\/wp-content\/plugins\/elementor-theme-core\/inc\/elementor\/column.php<\/b> on line <b>167<\/b><br \/>\n        <div class=\"elementor-column elementor-col-50 elementor-top-column elementor-element elementor-element-3a535c1\" data-id=\"3a535c1\" data-element_type=\"column\" data-e-type=\"column\">\r\n            <div class=\"elementor-widget-wrap elementor-element-populated\">\r\n                \t\t<div class=\"elementor-element elementor-element-33ae8e9 elementor-widget elementor-widget-image\" data-id=\"33ae8e9\" data-element_type=\"widget\" data-e-type=\"widget\" data-widget_type=\"image.default\">\n\t\t\t\t<div class=\"elementor-widget-container\">\n\t\t\t\t\t\t\t\t\t\t\t\t\t\t\t<img decoding=\"async\" width=\"1\" height=\"1\" src=\"https:\/\/cambalkoncu.com.tr\/wp-content\/uploads\/2021\/11\/pergoletti_pergole_tente_05.jpg\" class=\"attachment-large size-large wp-image-6871\" alt=\"\" \/>\t\t\t\t\t\t\t\t\t\t\t\t\t\t\t<\/div>\n\t\t\t\t<\/div>\n\t\t            <\/div>\r\n        <\/div>\r\n        \t\t\t<\/div>\r\n\t\t<\/section>\r\n\t\t        <section class=\"elementor-section elementor-top-section elementor-element elementor-element-60a653b elementor-section-boxed elementor-section-height-default elementor-section-height-default\" data-id=\"60a653b\" data-element_type=\"section\" data-e-type=\"section\">\r\n\t\t<br \/>\n<b>Warning<\/b>:  Undefined array key \"background_overlay_background\" in <b>\/home\/codemaxo\/cambalkoncu.com.tr\/wp-content\/plugins\/elementor-theme-core\/inc\/elementor\/section.php<\/b> on line <b>268<\/b><br \/>\n<br \/>\n<b>Warning<\/b>:  Undefined array key \"background_overlay_hover_background\" in <b>\/home\/codemaxo\/cambalkoncu.com.tr\/wp-content\/plugins\/elementor-theme-core\/inc\/elementor\/section.php<\/b> on line <b>272<\/b><br \/>\n\r\n\t\t        <div class=\"elementor-container elementor-column-gap-default \" >\r\n\t\t<br \/>\n<b>Warning<\/b>:  Undefined array key \"background_overlay_background\" in <b>\/home\/codemaxo\/cambalkoncu.com.tr\/wp-content\/plugins\/elementor-theme-core\/inc\/elementor\/column.php<\/b> on line <b>166<\/b><br \/>\n<br \/>\n<b>Warning<\/b>:  Undefined array key \"background_overlay_hover_background\" in <b>\/home\/codemaxo\/cambalkoncu.com.tr\/wp-content\/plugins\/elementor-theme-core\/inc\/elementor\/column.php<\/b> on line <b>167<\/b><br \/>\n        <div class=\"elementor-column elementor-col-100 elementor-top-column elementor-element elementor-element-81d0648\" data-id=\"81d0648\" data-element_type=\"column\" data-e-type=\"column\">\r\n            <div class=\"elementor-widget-wrap elementor-element-populated\">\r\n                \t\t<div class=\"elementor-element elementor-element-db2b8f8 elementor-widget elementor-widget-spacer\" data-id=\"db2b8f8\" data-element_type=\"widget\" data-e-type=\"widget\" data-widget_type=\"spacer.default\">\n\t\t\t\t<div class=\"elementor-widget-container\">\n\t\t\t\t\t\t\t<div class=\"elementor-spacer\">\n\t\t\t<div class=\"elementor-spacer-inner\"><\/div>\n\t\t<\/div>\n\t\t\t\t\t\t<\/div>\n\t\t\t\t<\/div>\n\t\t\t\t<div class=\"elementor-element elementor-element-af0236d elementor-widget elementor-widget-cms_heading\" data-id=\"af0236d\" data-element_type=\"widget\" data-e-type=\"widget\" data-widget_type=\"cms_heading.default\">\n\t\t\t\t<div class=\"elementor-widget-container\">\n\t\t\t\t\t<div class=\"cms-heading-wrapper cms-heading-layout1 \">\r\n    \r\n            <h4 class=\"custom-heading\">\r\n            <span                 >\r\n                Pergole Tente \u00d6rnekleri<\/span>\r\n        <\/h4>\r\n        \r\n    <\/div>\t\t\t\t<\/div>\n\t\t\t\t<\/div>\n\t\t            <\/div>\r\n        <\/div>\r\n        \t\t\t<\/div>\r\n\t\t<\/section>\r\n\t\t        <section class=\"elementor-section elementor-top-section elementor-element elementor-element-dcd422d elementor-section-boxed elementor-section-height-default elementor-section-height-default\" data-id=\"dcd422d\" data-element_type=\"section\" data-e-type=\"section\">\r\n\t\t<br \/>\n<b>Warning<\/b>:  Undefined array key \"background_overlay_background\" in <b>\/home\/codemaxo\/cambalkoncu.com.tr\/wp-content\/plugins\/elementor-theme-core\/inc\/elementor\/section.php<\/b> on line <b>268<\/b><br \/>\n<br \/>\n<b>Warning<\/b>:  Undefined array key \"background_overlay_hover_background\" in <b>\/home\/codemaxo\/cambalkoncu.com.tr\/wp-content\/plugins\/elementor-theme-core\/inc\/elementor\/section.php<\/b> on line <b>272<\/b><br \/>\n\r\n\t\t        <div class=\"elementor-container elementor-column-gap-default \" >\r\n\t\t<br \/>\n<b>Warning<\/b>:  Undefined array key \"background_overlay_background\" in <b>\/home\/codemaxo\/cambalkoncu.com.tr\/wp-content\/plugins\/elementor-theme-core\/inc\/elementor\/column.php<\/b> on line <b>166<\/b><br \/>\n<br \/>\n<b>Warning<\/b>:  Undefined array key \"background_overlay_hover_background\" in <b>\/home\/codemaxo\/cambalkoncu.com.tr\/wp-content\/plugins\/elementor-theme-core\/inc\/elementor\/column.php<\/b> on line <b>167<\/b><br \/>\n        <div class=\"elementor-column elementor-col-100 elementor-top-column elementor-element elementor-element-1f5e935\" data-id=\"1f5e935\" data-element_type=\"column\" data-e-type=\"column\">\r\n            <div class=\"elementor-widget-wrap elementor-element-populated\">\r\n                \t\t<div class=\"elementor-element elementor-element-1dd14fb elementor-widget elementor-widget-text-editor\" data-id=\"1dd14fb\" data-element_type=\"widget\" data-e-type=\"widget\" data-widget_type=\"text-editor.default\">\n\t\t\t\t<div class=\"elementor-widget-container\">\n\t\t\t\t\t\t\t\t\t<p><!-- default-view.php -->\n<div\n\tclass=\"ngg-galleryoverview default-view\n\t\t\"\n\tid=\"ngg-gallery-5bbb83cf715f5464a0f69f0b3a075c3c-1\"\n\tdata-nextgen-gallery-id=\"10\"\n\tdata-gallery-id=\"10\"\n\t\tdata-gallery-name=\"PergoleTente\"\n\t>\n\n\t\t<!-- Thumbnails -->\n\t\t\t\t<div id=\"ngg-image-0\" class=\"ngg-gallery-thumbnail-box\n\t\t\t\t\t\t\t\t\t\t\t\"\n\t\t\t>\n\t\t\t\t\t\t<div class=\"ngg-gallery-thumbnail\">\n\t\t<a href=\"https:\/\/cambalkoncu.com.tr\/wp-content\/gallery\/pergoletente\/pergoletti_pergole_tente_05.jpg?t=1637872572\"\n\t\t\ttitle=\"\"\n\t\t\tdata-src=\"https:\/\/cambalkoncu.com.tr\/wp-content\/gallery\/pergoletente\/pergoletti_pergole_tente_05.jpg?t=1637872572\"\n\t\t\tdata-thumbnail=\"https:\/\/cambalkoncu.com.tr\/wp-content\/gallery\/pergoletente\/thumbs\/thumbs_pergoletti_pergole_tente_05.jpg?t=1637872572\"\n\t\t\tdata-image-id=\"56\"\n\t\t\tdata-image-name=\"pergoletti_pergole_tente_05.jpg\"\n\t\t\tdata-title=\"pergoletti_pergole_tente_05\"\n\t\t\tdata-description=\"\"\n\t\t\tdata-image-slug=\"pergoletti_pergole_tente_05\"\n\t\t\t\t\t\t\t\t\t\t\t\t\t\t\t\t\t\t\t\tclass=\"ngg-simplelightbox\" rel=\"5bbb83cf715f5464a0f69f0b3a075c3c\">\n\t\t\t\t\t\t\t\t<img\n\t\t\t\t\ttitle=\"pergoletti_pergole_tente_05\"\n\t\t\t\t\talt=\"pergoletti_pergole_tente_05\"\n\t\t\t\t\tsrc=\"https:\/\/cambalkoncu.com.tr\/wp-content\/gallery\/pergoletente\/thumbs\/thumbs_pergoletti_pergole_tente_05.jpg?t=1637872572\"\n\t\t\t\t\twidth=\"240\"\n\t\t\t\t\theight=\"160\"\n\t\t\t\t\tstyle=\"max-width:100%;\"\n\t\t\t\t\/>\n\t\t\t<\/a>\n\t\t<\/div>\n\t\t\t\t\t\t\t<\/div>\n\t\t\t\n\t\t\t\t<div id=\"ngg-image-1\" class=\"ngg-gallery-thumbnail-box\n\t\t\t\t\t\t\t\t\t\t\t\"\n\t\t\t>\n\t\t\t\t\t\t<div class=\"ngg-gallery-thumbnail\">\n\t\t<a href=\"https:\/\/cambalkoncu.com.tr\/wp-content\/gallery\/pergoletente\/pergoletti_pergole_tente_07.jpg?t=1637872573\"\n\t\t\ttitle=\"\"\n\t\t\tdata-src=\"https:\/\/cambalkoncu.com.tr\/wp-content\/gallery\/pergoletente\/pergoletti_pergole_tente_07.jpg?t=1637872573\"\n\t\t\tdata-thumbnail=\"https:\/\/cambalkoncu.com.tr\/wp-content\/gallery\/pergoletente\/thumbs\/thumbs_pergoletti_pergole_tente_07.jpg?t=1637872573\"\n\t\t\tdata-image-id=\"57\"\n\t\t\tdata-image-name=\"pergoletti_pergole_tente_07.jpg\"\n\t\t\tdata-title=\"SAMSUNG CSC\"\n\t\t\tdata-description=\"\"\n\t\t\tdata-image-slug=\"pergoletti_pergole_tente_07\"\n\t\t\t\t\t\t\t\t\t\t\t\t\t\t\t\t\t\t\t\tclass=\"ngg-simplelightbox\" rel=\"5bbb83cf715f5464a0f69f0b3a075c3c\">\n\t\t\t\t\t\t\t\t<img\n\t\t\t\t\ttitle=\"SAMSUNG CSC\"\n\t\t\t\t\talt=\"SAMSUNG CSC\"\n\t\t\t\t\tsrc=\"https:\/\/cambalkoncu.com.tr\/wp-content\/gallery\/pergoletente\/thumbs\/thumbs_pergoletti_pergole_tente_07.jpg?t=1637872573\"\n\t\t\t\t\twidth=\"240\"\n\t\t\t\t\theight=\"160\"\n\t\t\t\t\tstyle=\"max-width:100%;\"\n\t\t\t\t\/>\n\t\t\t<\/a>\n\t\t<\/div>\n\t\t\t\t\t\t\t<\/div>\n\t\t\t\n\t\t\t\t<div id=\"ngg-image-2\" class=\"ngg-gallery-thumbnail-box\n\t\t\t\t\t\t\t\t\t\t\t\"\n\t\t\t>\n\t\t\t\t\t\t<div class=\"ngg-gallery-thumbnail\">\n\t\t<a href=\"https:\/\/cambalkoncu.com.tr\/wp-content\/gallery\/pergoletente\/pergoletti_pergole_tente_06.jpg?t=1637872576\"\n\t\t\ttitle=\"\"\n\t\t\tdata-src=\"https:\/\/cambalkoncu.com.tr\/wp-content\/gallery\/pergoletente\/pergoletti_pergole_tente_06.jpg?t=1637872576\"\n\t\t\tdata-thumbnail=\"https:\/\/cambalkoncu.com.tr\/wp-content\/gallery\/pergoletente\/thumbs\/thumbs_pergoletti_pergole_tente_06.jpg?t=1637872576\"\n\t\t\tdata-image-id=\"58\"\n\t\t\tdata-image-name=\"pergoletti_pergole_tente_06.jpg\"\n\t\t\tdata-title=\"SAMSUNG CSC\"\n\t\t\tdata-description=\"\"\n\t\t\tdata-image-slug=\"pergoletti_pergole_tente_06\"\n\t\t\t\t\t\t\t\t\t\t\t\t\t\t\t\t\t\t\t\tclass=\"ngg-simplelightbox\" rel=\"5bbb83cf715f5464a0f69f0b3a075c3c\">\n\t\t\t\t\t\t\t\t<img\n\t\t\t\t\ttitle=\"SAMSUNG CSC\"\n\t\t\t\t\talt=\"SAMSUNG CSC\"\n\t\t\t\t\tsrc=\"https:\/\/cambalkoncu.com.tr\/wp-content\/gallery\/pergoletente\/thumbs\/thumbs_pergoletti_pergole_tente_06.jpg?t=1637872576\"\n\t\t\t\t\twidth=\"240\"\n\t\t\t\t\theight=\"160\"\n\t\t\t\t\tstyle=\"max-width:100%;\"\n\t\t\t\t\/>\n\t\t\t<\/a>\n\t\t<\/div>\n\t\t\t\t\t\t\t<\/div>\n\t\t\t\n\t\t\t\t<div id=\"ngg-image-3\" class=\"ngg-gallery-thumbnail-box\n\t\t\t\t\t\t\t\t\t\t\t\"\n\t\t\t>\n\t\t\t\t\t\t<div class=\"ngg-gallery-thumbnail\">\n\t\t<a href=\"https:\/\/cambalkoncu.com.tr\/wp-content\/gallery\/pergoletente\/pergoletti_pergole_tente_02.jpg?t=1637872578\"\n\t\t\ttitle=\"\"\n\t\t\tdata-src=\"https:\/\/cambalkoncu.com.tr\/wp-content\/gallery\/pergoletente\/pergoletti_pergole_tente_02.jpg?t=1637872578\"\n\t\t\tdata-thumbnail=\"https:\/\/cambalkoncu.com.tr\/wp-content\/gallery\/pergoletente\/thumbs\/thumbs_pergoletti_pergole_tente_02.jpg?t=1637872578\"\n\t\t\tdata-image-id=\"59\"\n\t\t\tdata-image-name=\"pergoletti_pergole_tente_02.jpg\"\n\t\t\tdata-title=\"pergoletti_pergole_tente_02\"\n\t\t\tdata-description=\"\"\n\t\t\tdata-image-slug=\"pergoletti_pergole_tente_02\"\n\t\t\t\t\t\t\t\t\t\t\t\t\t\t\t\t\t\t\t\tclass=\"ngg-simplelightbox\" rel=\"5bbb83cf715f5464a0f69f0b3a075c3c\">\n\t\t\t\t\t\t\t\t<img\n\t\t\t\t\ttitle=\"pergoletti_pergole_tente_02\"\n\t\t\t\t\talt=\"pergoletti_pergole_tente_02\"\n\t\t\t\t\tsrc=\"https:\/\/cambalkoncu.com.tr\/wp-content\/gallery\/pergoletente\/thumbs\/thumbs_pergoletti_pergole_tente_02.jpg?t=1637872578\"\n\t\t\t\t\twidth=\"240\"\n\t\t\t\t\theight=\"160\"\n\t\t\t\t\tstyle=\"max-width:100%;\"\n\t\t\t\t\/>\n\t\t\t<\/a>\n\t\t<\/div>\n\t\t\t\t\t\t\t<\/div>\n\t\t\t\n\t\t\t\t<div id=\"ngg-image-4\" class=\"ngg-gallery-thumbnail-box\n\t\t\t\t\t\t\t\t\t\t\t\"\n\t\t\t>\n\t\t\t\t\t\t<div class=\"ngg-gallery-thumbnail\">\n\t\t<a href=\"https:\/\/cambalkoncu.com.tr\/wp-content\/gallery\/pergoletente\/pergoletti_pergole_tente_108.jpg?t=1637872579\"\n\t\t\ttitle=\"\"\n\t\t\tdata-src=\"https:\/\/cambalkoncu.com.tr\/wp-content\/gallery\/pergoletente\/pergoletti_pergole_tente_108.jpg?t=1637872579\"\n\t\t\tdata-thumbnail=\"https:\/\/cambalkoncu.com.tr\/wp-content\/gallery\/pergoletente\/thumbs\/thumbs_pergoletti_pergole_tente_108.jpg?t=1637872579\"\n\t\t\tdata-image-id=\"60\"\n\t\t\tdata-image-name=\"pergoletti_pergole_tente_108.jpg\"\n\t\t\tdata-title=\"SAMSUNG CSC\"\n\t\t\tdata-description=\"\"\n\t\t\tdata-image-slug=\"pergoletti_pergole_tente_108\"\n\t\t\t\t\t\t\t\t\t\t\t\t\t\t\t\t\t\t\t\tclass=\"ngg-simplelightbox\" rel=\"5bbb83cf715f5464a0f69f0b3a075c3c\">\n\t\t\t\t\t\t\t\t<img\n\t\t\t\t\ttitle=\"SAMSUNG CSC\"\n\t\t\t\t\talt=\"SAMSUNG CSC\"\n\t\t\t\t\tsrc=\"https:\/\/cambalkoncu.com.tr\/wp-content\/gallery\/pergoletente\/thumbs\/thumbs_pergoletti_pergole_tente_108.jpg?t=1637872579\"\n\t\t\t\t\twidth=\"240\"\n\t\t\t\t\theight=\"160\"\n\t\t\t\t\tstyle=\"max-width:100%;\"\n\t\t\t\t\/>\n\t\t\t<\/a>\n\t\t<\/div>\n\t\t\t\t\t\t\t<\/div>\n\t\t\t\n\t\n\t<br style=\"clear: both\" \/>\n\n\t\n\t\t<!-- Pagination -->\n\t\t<div class='ngg-clear'><\/div>\t<\/div>\n<\/p>\t\t\t\t\t\t\t\t<\/div>\n\t\t\t\t<\/div>\n\t\t            <\/div>\r\n        <\/div>\r\n        \t\t\t<\/div>\r\n\t\t<\/section>\r\n\t\t\t\t<\/div>\n\t\t","protected":false},"excerpt":{"rendered":"<p>Pergole Tente Sa\u00e7ak anlam\u0131na gelen Pergule kelimesinden t\u00fcremi\u015ftir. \u0130talyanca da ise\u00a0pergola\u00a0g\u00f6lgelik anlam\u0131na gelir.\u00a0Pergola\u00a0a\u00e7\u0131lma kapanma \u00f6zelli\u011fi ile g\u00fcne\u015f ya da ya\u011fmur tarz\u0131 d\u0131\u015f etkenlerden korunma sa\u011flayan, oturulan \u00e7e\u015fitli alanlarda kullan\u0131labilen ve oturulan alan\u0131n \u00fcst\u00fcn\u00fc kapatmaya yarayan sistemlerdir. Pergole Tente \u00d6rnekleri<\/p>\n","protected":false},"author":4,"featured_media":0,"parent":0,"menu_order":0,"comment_status":"closed","ping_status":"closed","template":"","meta":{"googlesitekit_rrm_CAowutS7DA:productID":"","ngg_post_thumbnail":0,"footnotes":""},"class_list":["post-6083","page","type-page","status-publish","hentry"],"_links":{"self":[{"href":"https:\/\/cambalkoncu.com.tr\/index.php?rest_route=\/wp\/v2\/pages\/6083","targetHints":{"allow":["GET"]}}],"collection":[{"href":"https:\/\/cambalkoncu.com.tr\/index.php?rest_route=\/wp\/v2\/pages"}],"about":[{"href":"https:\/\/cambalkoncu.com.tr\/index.php?rest_route=\/wp\/v2\/types\/page"}],"author":[{"embeddable":true,"href":"https:\/\/cambalkoncu.com.tr\/index.php?rest_route=\/wp\/v2\/users\/4"}],"replies":[{"embeddable":true,"href":"https:\/\/cambalkoncu.com.tr\/index.php?rest_route=%2Fwp%2Fv2%2Fcomments&post=6083"}],"version-history":[{"count":12,"href":"https:\/\/cambalkoncu.com.tr\/index.php?rest_route=\/wp\/v2\/pages\/6083\/revisions"}],"predecessor-version":[{"id":6883,"href":"https:\/\/cambalkoncu.com.tr\/index.php?rest_route=\/wp\/v2\/pages\/6083\/revisions\/6883"}],"wp:attachment":[{"href":"https:\/\/cambalkoncu.com.tr\/index.php?rest_route=%2Fwp%2Fv2%2Fmedia&parent=6083"}],"curies":[{"name":"wp","href":"https:\/\/api.w.org\/{rel}","templated":true}]}}